{"id":900,"date":"2026-03-04T12:52:33","date_gmt":"2026-03-04T15:52:33","guid":{"rendered":"https:\/\/aafitopatologos.com.ar\/?page_id=900"},"modified":"2026-03-04T13:43:37","modified_gmt":"2026-03-04T16:43:37","slug":"como-asociarte-2","status":"publish","type":"page","link":"https:\/\/aafitopatologos.com.ar\/?page_id=900","title":{"rendered":"C\u00f3mo asociarte"},"content":{"rendered":"\n<h3 class=\"wp-block-heading\"><strong>Paso 1: Env\u00ede sus datos personales<\/strong><\/h3>\n\n\n\n<p>Remita un correo electr\u00f3nico a <strong><a>aafitopatologos@yahoo.com.ar<\/a><\/strong> con la siguiente informaci\u00f3n:<\/p>\n\n\n\n<ul class=\"wp-block-list\">\n<li>Nombre completo<\/li>\n\n\n\n<li>DNI<\/li>\n\n\n\n<li>Direcci\u00f3n postal<\/li>\n\n\n\n<li>Tel\u00e9fono de contacto<\/li>\n\n\n\n<li>Lugar(es) de trabajo<\/li>\n\n\n\n<li>Especialidad o \u00e1rea de desempe\u00f1o<\/li>\n<\/ul>\n\n\n\n<p>Por favor, indique en el asunto del mensaje: <strong>\u201cPostulaci\u00f3n como socio\/a AAF\u201d<\/strong>.<\/p>\n\n\n\n<h3 class=\"wp-block-heading\"><strong>Paso 2: Abone la cuota societaria<\/strong><\/h3>\n\n\n\n<p>Una vez confirmada su postulaci\u00f3n, podr\u00e1 efectuar el pago de la cuota societaria.<\/p>\n\n\n\n<p>A partir del <strong>01\/01\/202<\/strong>6, el valor de la cuota es de <strong>$40.000 anuales<\/strong>.<\/p>\n\n\n\n<p>Datos cuenta bancaria:<\/p>\n\n\n\n<p>Banco Naci\u00f3n<br>Cuenta corriente Esp. N\u00b0: 1270743941 (suc. 9261-C\u00f3rdoba)<br>Titular: Asociaci\u00f3n Civil Argentina de Fitopat\u00f3logos<br>CBU: 0110127640012707439412<br>CUIT: 30-70852918-0<br>SWIFT: NACNARBACOR92611270743941<\/p>\n\n\n\n<p>ALIAS:&nbsp;CREMA.PAMPA.PIBA<\/p>\n\n\n\n<h3 class=\"wp-block-heading\"><strong>Paso 3: Env\u00ede el comprobante de pago<\/strong><\/h3>\n\n\n\n<p>Una vez realizada la transferencia, env\u00ede el comprobante de pago por correo electr\u00f3nico a:<br><strong><a>aafitopatologos@yahoo.com.ar<\/a><\/strong><\/p>\n\n\n\n<p><strong>Importante:<\/strong><br>La cuota anual deber\u00e1 abonarse antes del <strong>31 de octubre<\/strong> de cada a\u00f1o. En caso contrario, el\/la socio\/a figurar\u00e1 como moroso\/a.<br>Si se adeudan <strong>tres (3) o m\u00e1s cuotas<\/strong>, se perder\u00e1 la condici\u00f3n de socio\/a activo\/a.<\/p>\n\n\n\n<p>\u00a1Bienvenido\/a a la Asociaci\u00f3n!<\/p>\n","protected":false},"excerpt":{"rendered":"<p>Paso 1: Env\u00ede sus datos personales Remita un correo electr\u00f3nico a aafitopatologos@yahoo.com.ar con la siguiente informaci\u00f3n: Por favor, indique en el asunto del mensaje: \u201cPostulaci\u00f3n como socio\/a AAF\u201d. Paso 2: Abone la cuota societaria Una vez confirmada su postulaci\u00f3n, podr\u00e1 efectuar el pago de la cuota societaria. A partir del 01\/01\/2026, el valor de la [&hellip;]<\/p>\n","protected":false},"author":4,"featured_media":0,"parent":0,"menu_order":0,"comment_status":"closed","ping_status":"closed","template":"","meta":{"footnotes":""},"class_list":["post-900","page","type-page","status-publish","hentry"],"_links":{"self":[{"href":"https:\/\/aafitopatologos.com.ar\/index.php?rest_route=\/wp\/v2\/pages\/900","targetHints":{"allow":["GET"]}}],"collection":[{"href":"https:\/\/aafitopatologos.com.ar\/index.php?rest_route=\/wp\/v2\/pages"}],"about":[{"href":"https:\/\/aafitopatologos.com.ar\/index.php?rest_route=\/wp\/v2\/types\/page"}],"author":[{"embeddable":true,"href":"https:\/\/aafitopatologos.com.ar\/index.php?rest_route=\/wp\/v2\/users\/4"}],"replies":[{"embeddable":true,"href":"https:\/\/aafitopatologos.com.ar\/index.php?rest_route=%2Fwp%2Fv2%2Fcomments&post=900"}],"version-history":[{"count":3,"href":"https:\/\/aafitopatologos.com.ar\/index.php?rest_route=\/wp\/v2\/pages\/900\/revisions"}],"predecessor-version":[{"id":910,"href":"https:\/\/aafitopatologos.com.ar\/index.php?rest_route=\/wp\/v2\/pages\/900\/revisions\/910"}],"wp:attachment":[{"href":"https:\/\/aafitopatologos.com.ar\/index.php?rest_route=%2Fwp%2Fv2%2Fmedia&parent=900"}],"curies":[{"name":"wp","href":"https:\/\/api.w.org\/{rel}","templated":true}]}}