{"id":886,"date":"2026-03-04T12:27:53","date_gmt":"2026-03-04T15:27:53","guid":{"rendered":"https:\/\/aafitopatologos.com.ar\/?page_id=886"},"modified":"2026-03-04T12:55:47","modified_gmt":"2026-03-04T15:55:47","slug":"cuota-societaria","status":"publish","type":"page","link":"https:\/\/aafitopatologos.com.ar\/?page_id=886","title":{"rendered":"Cuota societaria"},"content":{"rendered":"\n<p><strong>Aviso sobre cuotas societarias 2026<\/strong><\/p>\n\n\n\n<p>El valor de la cuota 2026 es de $40.000.<\/p>\n\n\n\n<p><img decoding=\"async\" alt=\"\ud83d\udc49\" src=\"https:\/\/fonts.gstatic.com\/s\/e\/notoemoji\/17.0\/1f449\/72.png\">&nbsp;Los socios al d\u00eda (cuota 2025 abonada) que abonen su cuota antes del 30\/04\/2026 acceder\u00e1n al valor actual de $34.500.<\/p>\n\n\n\n<p><img decoding=\"async\" alt=\"\ud83d\udc49\" src=\"https:\/\/fonts.gstatic.com\/s\/e\/notoemoji\/17.0\/1f449\/72.png\">&nbsp;Mantener la cuota al d\u00eda permite disfrutar de todos los beneficios de la asociaci\u00f3n, incluyendo participaci\u00f3n en jornadas, capacitaciones y actividades con aranceles reducidos.<\/p>\n\n\n\n<p>Agradecemos su compromiso y participaci\u00f3n, fundamentales para seguir fortaleciendo nuestra instituci\u00f3n.<\/p>\n\n\n\n<p><strong>Datos cuenta bancaria<\/strong>:<\/p>\n\n\n\n<p>Banco Naci\u00f3n<br>Cuenta corriente Esp. N\u00b0: 1270743941 (suc. 9261-C\u00f3rdoba)<br>Titular: Asociaci\u00f3n Civil Argentina de Fitopat\u00f3logos<br>CBU: 0110127640012707439412<br>CUIT: 30-70852918-0<br>SWIFT: NACNARBACOR92611270743941 <\/p>\n\n\n\n<p>ALIAS:\u00a0CREMA.PAMPA.PIBA<\/p>\n\n\n\n<p><\/p>\n","protected":false},"excerpt":{"rendered":"<p>Aviso sobre cuotas societarias 2026 El valor de la cuota 2026 es de $40.000. &nbsp;Los socios al d\u00eda (cuota 2025 abonada) que abonen su cuota antes del 30\/04\/2026 acceder\u00e1n al valor actual de $34.500. &nbsp;Mantener la cuota al d\u00eda permite disfrutar de todos los beneficios de la asociaci\u00f3n, incluyendo participaci\u00f3n en jornadas, capacitaciones y actividades [&hellip;]<\/p>\n","protected":false},"author":4,"featured_media":0,"parent":0,"menu_order":0,"comment_status":"closed","ping_status":"closed","template":"","meta":{"footnotes":""},"class_list":["post-886","page","type-page","status-publish","hentry"],"_links":{"self":[{"href":"https:\/\/aafitopatologos.com.ar\/index.php?rest_route=\/wp\/v2\/pages\/886","targetHints":{"allow":["GET"]}}],"collection":[{"href":"https:\/\/aafitopatologos.com.ar\/index.php?rest_route=\/wp\/v2\/pages"}],"about":[{"href":"https:\/\/aafitopatologos.com.ar\/index.php?rest_route=\/wp\/v2\/types\/page"}],"author":[{"embeddable":true,"href":"https:\/\/aafitopatologos.com.ar\/index.php?rest_route=\/wp\/v2\/users\/4"}],"replies":[{"embeddable":true,"href":"https:\/\/aafitopatologos.com.ar\/index.php?rest_route=%2Fwp%2Fv2%2Fcomments&post=886"}],"version-history":[{"count":3,"href":"https:\/\/aafitopatologos.com.ar\/index.php?rest_route=\/wp\/v2\/pages\/886\/revisions"}],"predecessor-version":[{"id":905,"href":"https:\/\/aafitopatologos.com.ar\/index.php?rest_route=\/wp\/v2\/pages\/886\/revisions\/905"}],"wp:attachment":[{"href":"https:\/\/aafitopatologos.com.ar\/index.php?rest_route=%2Fwp%2Fv2%2Fmedia&parent=886"}],"curies":[{"name":"wp","href":"https:\/\/api.w.org\/{rel}","templated":true}]}}