{"id":367,"date":"2025-07-07T20:05:18","date_gmt":"2025-07-07T20:05:18","guid":{"rendered":"https:\/\/aafitopatologos.com.ar\/?page_id=367"},"modified":"2025-08-29T20:41:30","modified_gmt":"2025-08-29T23:41:30","slug":"noticias","status":"publish","type":"page","link":"https:\/\/aafitopatologos.com.ar\/?page_id=367","title":{"rendered":"Noticias"},"content":{"rendered":"\t\t<div data-elementor-type=\"wp-page\" data-elementor-id=\"367\" class=\"elementor elementor-367\" data-elementor-post-type=\"page\">\n\t\t\t\t<div class=\"elementor-element elementor-element-2cc675d e-flex e-con-boxed elementor-invisible e-con e-parent\" data-id=\"2cc675d\" data-element_type=\"container\" data-settings=\"{&quot;background_background&quot;:&quot;classic&quot;,&quot;animation&quot;:&quot;slideInRight&quot;}\">\n\t\t\t\t\t<div class=\"e-con-inner\">\n\t\t\t\t<div class=\"elementor-element elementor-element-17cf577 elementor-widget elementor-widget-heading\" data-id=\"17cf577\" data-element_type=\"widget\" data-widget_type=\"heading.default\">\n\t\t\t\t<div class=\"elementor-widget-container\">\n\t\t\t\t\t<h2 class=\"elementor-heading-title elementor-size-default\">Noticias<\/h2>\t\t\t\t<\/div>\n\t\t\t\t<\/div>\n\t\t\t\t<div class=\"elementor-element elementor-element-66a695e elementor-widget elementor-widget-text-editor\" data-id=\"66a695e\" data-element_type=\"widget\" data-widget_type=\"text-editor.default\">\n\t\t\t\t<div class=\"elementor-widget-container\">\n\t\t\t\t\t\t\t\t\t<p>Todo lo que hemos estado haciendo a lo largo de los a\u00f1os.<\/p>\t\t\t\t\t\t\t\t<\/div>\n\t\t\t\t<\/div>\n\t\t\t\t<div class=\"elementor-element elementor-element-c9209b7 elementor-grid-3 elementor-grid-tablet-2 elementor-grid-mobile-1 elementor-posts--thumbnail-top elementor-card-shadow-yes elementor-posts__hover-gradient elementor-widget elementor-widget-posts\" data-id=\"c9209b7\" data-element_type=\"widget\" data-settings=\"{&quot;pagination_type&quot;:&quot;numbers_and_prev_next&quot;,&quot;cards_columns&quot;:&quot;3&quot;,&quot;cards_columns_tablet&quot;:&quot;2&quot;,&quot;cards_columns_mobile&quot;:&quot;1&quot;,&quot;cards_row_gap&quot;:{&quot;unit&quot;:&quot;px&quot;,&quot;size&quot;:35,&quot;sizes&quot;:[]},&quot;cards_row_gap_tablet&quot;:{&quot;unit&quot;:&quot;px&quot;,&quot;size&quot;:&quot;&quot;,&quot;sizes&quot;:[]},&quot;cards_row_gap_mobile&quot;:{&quot;unit&quot;:&quot;px&quot;,&quot;size&quot;:&quot;&quot;,&quot;sizes&quot;:[]}}\" data-widget_type=\"posts.cards\">\n\t\t\t\t<div class=\"elementor-widget-container\">\n\t\t\t\t\t\t\t<div class=\"elementor-posts-container elementor-posts elementor-posts--skin-cards elementor-grid\" role=\"list\">\n\t\t\t\t<article class=\"elementor-post elementor-grid-item post-918 post type-post status-publish format-standard has-post-thumbnail hentry category-libros category-publicaciones\" role=\"listitem\">\n\t\t\t<div class=\"elementor-post__card\">\n\t\t\t\t<a class=\"elementor-post__thumbnail__link\" href=\"https:\/\/aafitopatologos.com.ar\/?p=918\" tabindex=\"-1\" ><div class=\"elementor-post__thumbnail\"><img fetchpriority=\"high\" decoding=\"async\" width=\"757\" height=\"486\" src=\"https:\/\/aafitopatologos.com.ar\/wp-content\/uploads\/2026\/03\/Captura-de-pantalla-2026-03-12-171646.png\" class=\"attachment-2048x2048 size-2048x2048 wp-image-921\" alt=\"\" srcset=\"https:\/\/aafitopatologos.com.ar\/wp-content\/uploads\/2026\/03\/Captura-de-pantalla-2026-03-12-171646.png 757w, https:\/\/aafitopatologos.com.ar\/wp-content\/uploads\/2026\/03\/Captura-de-pantalla-2026-03-12-171646-300x193.png 300w\" sizes=\"(max-width: 757px) 100vw, 757px\" \/><\/div><\/a>\n\t\t\t\t<div class=\"elementor-post__badge\">Libros<\/div>\n\t\t\t\t<div class=\"elementor-post__text\">\n\t\t\t\t<h3 class=\"elementor-post__title\">\n\t\t\t<a href=\"https:\/\/aafitopatologos.com.ar\/?p=918\" >\n\t\t\t\tEnfermedades de Colza (Brassica napus) y Carinata (Brassica carinata). S\u00edntomas, signos, epifitiolog\u00eda y manejo\t\t\t<\/a>\n\t\t<\/h3>\n\t\t\t\t<div class=\"elementor-post__excerpt\">\n\t\t\t\t\t<\/div>\n\t\t\n\t\t<a class=\"elementor-post__read-more\" href=\"https:\/\/aafitopatologos.com.ar\/?p=918\" aria-label=\"Read more about Enfermedades de Colza (Brassica napus) y Carinata (Brassica carinata). S\u00edntomas, signos, epifitiolog\u00eda y manejo\" tabindex=\"-1\" >\n\t\t\tRead More \u00bb\t\t<\/a>\n\n\t\t\t\t<\/div>\n\t\t\t\t<div class=\"elementor-post__meta-data\">\n\t\t\t\t\t<span class=\"elementor-post-date\">\n\t\t\t12 marzo, 2026\t\t<\/span>\n\t\t\t\t<\/div>\n\t\t\t\t\t<\/div>\n\t\t<\/article>\n\t\t\t\t<article class=\"elementor-post elementor-grid-item post-911 post type-post status-publish format-standard has-post-thumbnail hentry category-blog category-novedades\" role=\"listitem\">\n\t\t\t<div class=\"elementor-post__card\">\n\t\t\t\t<a class=\"elementor-post__thumbnail__link\" href=\"https:\/\/aafitopatologos.com.ar\/?p=911\" tabindex=\"-1\" ><div class=\"elementor-post__thumbnail\"><img decoding=\"async\" width=\"1080\" height=\"1080\" src=\"https:\/\/aafitopatologos.com.ar\/wp-content\/uploads\/2025\/06\/AAF-logo-1.png\" class=\"attachment-2048x2048 size-2048x2048 wp-image-159\" alt=\"\" srcset=\"https:\/\/aafitopatologos.com.ar\/wp-content\/uploads\/2025\/06\/AAF-logo-1.png 1080w, https:\/\/aafitopatologos.com.ar\/wp-content\/uploads\/2025\/06\/AAF-logo-1-300x300.png 300w, https:\/\/aafitopatologos.com.ar\/wp-content\/uploads\/2025\/06\/AAF-logo-1-1024x1024.png 1024w, https:\/\/aafitopatologos.com.ar\/wp-content\/uploads\/2025\/06\/AAF-logo-1-150x150.png 150w, https:\/\/aafitopatologos.com.ar\/wp-content\/uploads\/2025\/06\/AAF-logo-1-768x768.png 768w\" sizes=\"(max-width: 1080px) 100vw, 1080px\" \/><\/div><\/a>\n\t\t\t\t<div class=\"elementor-post__badge\">Blog<\/div>\n\t\t\t\t<div class=\"elementor-post__text\">\n\t\t\t\t<h3 class=\"elementor-post__title\">\n\t\t\t<a href=\"https:\/\/aafitopatologos.com.ar\/?p=911\" >\n\t\t\t\tDistinci\u00f3n de Doctor Honoris Causa al Dr. Sergio Luis Lenard\u00f3n\t\t\t<\/a>\n\t\t<\/h3>\n\t\t\t\t<div class=\"elementor-post__excerpt\">\n\t\t\t<p>\ud83c\udf93 Desde la Asociaci\u00f3n Argentina de Fitopatolog\u00eda (AAF) felicitamos al Dr. Sergio Luis Lenard\u00f3n por la distinci\u00f3n de Doctor Honoris Causa otorgada por la Universidad Nacional de C\u00f3rdoba. Un merecido reconocimiento a su destacada trayectoria acad\u00e9mica, cient\u00edfica y humana. \ud83d\udc4f Compartimos algunas im\u00e1genes del acto acad\u00e9mico realizado el 6 de<\/p>\n\t\t<\/div>\n\t\t\n\t\t<a class=\"elementor-post__read-more\" href=\"https:\/\/aafitopatologos.com.ar\/?p=911\" aria-label=\"Read more about Distinci\u00f3n de Doctor Honoris Causa al Dr. Sergio Luis Lenard\u00f3n\" tabindex=\"-1\" >\n\t\t\tRead More \u00bb\t\t<\/a>\n\n\t\t\t\t<\/div>\n\t\t\t\t<div class=\"elementor-post__meta-data\">\n\t\t\t\t\t<span class=\"elementor-post-date\">\n\t\t\t9 marzo, 2026\t\t<\/span>\n\t\t\t\t<\/div>\n\t\t\t\t\t<\/div>\n\t\t<\/article>\n\t\t\t\t<article class=\"elementor-post elementor-grid-item post-871 post type-post status-publish format-standard has-post-thumbnail hentry category-novedades\" role=\"listitem\">\n\t\t\t<div class=\"elementor-post__card\">\n\t\t\t\t<a class=\"elementor-post__thumbnail__link\" href=\"https:\/\/aafitopatologos.com.ar\/?p=871\" tabindex=\"-1\" ><div class=\"elementor-post__thumbnail\"><img decoding=\"async\" width=\"1080\" height=\"1080\" src=\"https:\/\/aafitopatologos.com.ar\/wp-content\/uploads\/2025\/06\/AAF-logo-1.png\" class=\"attachment-2048x2048 size-2048x2048 wp-image-159\" alt=\"\" srcset=\"https:\/\/aafitopatologos.com.ar\/wp-content\/uploads\/2025\/06\/AAF-logo-1.png 1080w, https:\/\/aafitopatologos.com.ar\/wp-content\/uploads\/2025\/06\/AAF-logo-1-300x300.png 300w, https:\/\/aafitopatologos.com.ar\/wp-content\/uploads\/2025\/06\/AAF-logo-1-1024x1024.png 1024w, https:\/\/aafitopatologos.com.ar\/wp-content\/uploads\/2025\/06\/AAF-logo-1-150x150.png 150w, https:\/\/aafitopatologos.com.ar\/wp-content\/uploads\/2025\/06\/AAF-logo-1-768x768.png 768w\" sizes=\"(max-width: 1080px) 100vw, 1080px\" \/><\/div><\/a>\n\t\t\t\t<div class=\"elementor-post__badge\">Novedades<\/div>\n\t\t\t\t<div class=\"elementor-post__text\">\n\t\t\t\t<h3 class=\"elementor-post__title\">\n\t\t\t<a href=\"https:\/\/aafitopatologos.com.ar\/?p=871\" >\n\t\t\t\tNotificaci\u00f3n de Junta Electoral AAF &#8211; Presentaci\u00f3n de Lista &#8211; Convocatoria a Asamblea\t\t\t<\/a>\n\t\t<\/h3>\n\t\t\t\t<div class=\"elementor-post__excerpt\">\n\t\t\t<p>Estimados colegas: \u00a0 \u00a0 \u00a0Hacemos llegar las notas recibidas por parte de la Junta Electoral, donde se informa la presentaci\u00f3n de la Lista N\u00b0 1 y recordamos que la Elecci\u00f3n se llevar\u00e1 a cabo en la\u00a0Asamblea Ordinaria oportunamente convocada,\u00a0\u00a0para el D\u00eda 29 de diciembre de 2025, a las 8 h,<\/p>\n\t\t<\/div>\n\t\t\n\t\t<a class=\"elementor-post__read-more\" href=\"https:\/\/aafitopatologos.com.ar\/?p=871\" aria-label=\"Read more about Notificaci\u00f3n de Junta Electoral AAF &#8211; Presentaci\u00f3n de Lista &#8211; Convocatoria a Asamblea\" tabindex=\"-1\" >\n\t\t\tRead More \u00bb\t\t<\/a>\n\n\t\t\t\t<\/div>\n\t\t\t\t<div class=\"elementor-post__meta-data\">\n\t\t\t\t\t<span class=\"elementor-post-date\">\n\t\t\t23 diciembre, 2025\t\t<\/span>\n\t\t\t\t<\/div>\n\t\t\t\t\t<\/div>\n\t\t<\/article>\n\t\t\t\t<article class=\"elementor-post elementor-grid-item post-865 post type-post status-publish format-standard has-post-thumbnail hentry category-boletines category-novedades category-publicaciones\" role=\"listitem\">\n\t\t\t<div class=\"elementor-post__card\">\n\t\t\t\t<a class=\"elementor-post__thumbnail__link\" href=\"https:\/\/aafitopatologos.com.ar\/?p=865\" tabindex=\"-1\" ><div class=\"elementor-post__thumbnail\"><img decoding=\"async\" width=\"999\" height=\"471\" src=\"https:\/\/aafitopatologos.com.ar\/wp-content\/uploads\/2025\/08\/boletin-final.jpg\" class=\"attachment-2048x2048 size-2048x2048 wp-image-717\" alt=\"\" srcset=\"https:\/\/aafitopatologos.com.ar\/wp-content\/uploads\/2025\/08\/boletin-final.jpg 999w, https:\/\/aafitopatologos.com.ar\/wp-content\/uploads\/2025\/08\/boletin-final-300x141.jpg 300w, https:\/\/aafitopatologos.com.ar\/wp-content\/uploads\/2025\/08\/boletin-final-768x362.jpg 768w\" sizes=\"(max-width: 999px) 100vw, 999px\" \/><\/div><\/a>\n\t\t\t\t<div class=\"elementor-post__badge\">Boletines<\/div>\n\t\t\t\t<div class=\"elementor-post__text\">\n\t\t\t\t<h3 class=\"elementor-post__title\">\n\t\t\t<a href=\"https:\/\/aafitopatologos.com.ar\/?p=865\" >\n\t\t\t\tAAF Bolet\u00edn N\u00ba 22\t\t\t<\/a>\n\t\t<\/h3>\n\t\t\t\t<div class=\"elementor-post__excerpt\">\n\t\t\t<p>DE LO CR\u00cdPTICO A LO CR\u00cdTICO: DIVERSIDAD DE Bemisia tabaci Y SU CONDICI\u00d3N DE PORTADORES DE BEGOMOVIRUS EN DIFERENTES SOLAN\u00c1CEAS HORT\u00cdCOLAS DEL NOA, COMO BASE PARA SU MANEJO INTEGRADO Carreras P.1,2, Castro Rojas M.J.3, Flores C.R.3, Tapia S.N.3 y L\u00f3pez Lambertini P.M.1,2 (Cap\u00edtulo Centro) 1.Instituto Nacional de Tecnolog\u00eda Agropecuaria (INTA).<\/p>\n\t\t<\/div>\n\t\t\n\t\t<a class=\"elementor-post__read-more\" href=\"https:\/\/aafitopatologos.com.ar\/?p=865\" aria-label=\"Read more about AAF Bolet\u00edn N\u00ba 22\" tabindex=\"-1\" >\n\t\t\tRead More \u00bb\t\t<\/a>\n\n\t\t\t\t<\/div>\n\t\t\t\t<div class=\"elementor-post__meta-data\">\n\t\t\t\t\t<span class=\"elementor-post-date\">\n\t\t\t15 diciembre, 2025\t\t<\/span>\n\t\t\t\t<\/div>\n\t\t\t\t\t<\/div>\n\t\t<\/article>\n\t\t\t\t<article class=\"elementor-post elementor-grid-item post-861 post type-post status-publish format-standard has-post-thumbnail hentry category-novedades\" role=\"listitem\">\n\t\t\t<div class=\"elementor-post__card\">\n\t\t\t\t<a class=\"elementor-post__thumbnail__link\" href=\"https:\/\/aafitopatologos.com.ar\/?p=861\" tabindex=\"-1\" ><div class=\"elementor-post__thumbnail\"><img decoding=\"async\" width=\"1080\" height=\"1080\" src=\"https:\/\/aafitopatologos.com.ar\/wp-content\/uploads\/2025\/06\/AAF-logo-1.png\" class=\"attachment-2048x2048 size-2048x2048 wp-image-159\" alt=\"\" srcset=\"https:\/\/aafitopatologos.com.ar\/wp-content\/uploads\/2025\/06\/AAF-logo-1.png 1080w, https:\/\/aafitopatologos.com.ar\/wp-content\/uploads\/2025\/06\/AAF-logo-1-300x300.png 300w, https:\/\/aafitopatologos.com.ar\/wp-content\/uploads\/2025\/06\/AAF-logo-1-1024x1024.png 1024w, https:\/\/aafitopatologos.com.ar\/wp-content\/uploads\/2025\/06\/AAF-logo-1-150x150.png 150w, https:\/\/aafitopatologos.com.ar\/wp-content\/uploads\/2025\/06\/AAF-logo-1-768x768.png 768w\" sizes=\"(max-width: 1080px) 100vw, 1080px\" \/><\/div><\/a>\n\t\t\t\t<div class=\"elementor-post__badge\">Novedades<\/div>\n\t\t\t\t<div class=\"elementor-post__text\">\n\t\t\t\t<h3 class=\"elementor-post__title\">\n\t\t\t<a href=\"https:\/\/aafitopatologos.com.ar\/?p=861\" >\n\t\t\t\tConvocatoria a Elecci\u00f3n de Autoridades \u2013 AAF\t\t\t<\/a>\n\t\t<\/h3>\n\t\t\t\t<div class=\"elementor-post__excerpt\">\n\t\t\t<p>La Junta Electoral de la Asociaci\u00f3n Argentina de Fitopat\u00f3logos (AAF) informa que la elecci\u00f3n de autoridades se realizar\u00e1 el 29 de diciembre de 2025, a las 09:00 hs, en la Facultad de Ciencias Agrarias de la Universidad Nacional de Cuyo, Mendoza. La fecha l\u00edmite para la presentaci\u00f3n de listas ser\u00e1<\/p>\n\t\t<\/div>\n\t\t\n\t\t<a class=\"elementor-post__read-more\" href=\"https:\/\/aafitopatologos.com.ar\/?p=861\" aria-label=\"Read more about Convocatoria a Elecci\u00f3n de Autoridades \u2013 AAF\" tabindex=\"-1\" >\n\t\t\tRead More \u00bb\t\t<\/a>\n\n\t\t\t\t<\/div>\n\t\t\t\t<div class=\"elementor-post__meta-data\">\n\t\t\t\t\t<span class=\"elementor-post-date\">\n\t\t\t3 diciembre, 2025\t\t<\/span>\n\t\t\t\t<\/div>\n\t\t\t\t\t<\/div>\n\t\t<\/article>\n\t\t\t\t<article class=\"elementor-post elementor-grid-item post-809 post type-post status-publish format-standard has-post-thumbnail hentry category-libros-de-congresos\" role=\"listitem\">\n\t\t\t<div class=\"elementor-post__card\">\n\t\t\t\t<a class=\"elementor-post__thumbnail__link\" href=\"https:\/\/aafitopatologos.com.ar\/?p=809\" tabindex=\"-1\" ><div class=\"elementor-post__thumbnail\"><img loading=\"lazy\" decoding=\"async\" width=\"379\" height=\"354\" src=\"https:\/\/aafitopatologos.com.ar\/wp-content\/uploads\/2025\/10\/6-caaf-1-1.png\" class=\"attachment-2048x2048 size-2048x2048 wp-image-836\" alt=\"\" srcset=\"https:\/\/aafitopatologos.com.ar\/wp-content\/uploads\/2025\/10\/6-caaf-1-1.png 379w, https:\/\/aafitopatologos.com.ar\/wp-content\/uploads\/2025\/10\/6-caaf-1-1-300x280.png 300w\" sizes=\"(max-width: 379px) 100vw, 379px\" \/><\/div><\/a>\n\t\t\t\t<div class=\"elementor-post__badge\">Libros de Congresos<\/div>\n\t\t\t\t<div class=\"elementor-post__text\">\n\t\t\t\t<h3 class=\"elementor-post__title\">\n\t\t\t<a href=\"https:\/\/aafitopatologos.com.ar\/?p=809\" >\n\t\t\t\tLibro de res\u00famenes 6\u00ba Congreso AAF\t\t\t<\/a>\n\t\t<\/h3>\n\t\t\t\t<div class=\"elementor-post__excerpt\">\n\t\t\t<p>6\u00ba Congreso Argentino de Fitopatolog\u00eda;18, 19 y 20 de septiembre de 2024; Cipolletti &#8211; Patagonia &#8211; Argentina.<\/p>\n\t\t<\/div>\n\t\t\n\t\t<a class=\"elementor-post__read-more\" href=\"https:\/\/aafitopatologos.com.ar\/?p=809\" aria-label=\"Read more about Libro de res\u00famenes 6\u00ba Congreso AAF\" tabindex=\"-1\" >\n\t\t\tRead More \u00bb\t\t<\/a>\n\n\t\t\t\t<\/div>\n\t\t\t\t<div class=\"elementor-post__meta-data\">\n\t\t\t\t\t<span class=\"elementor-post-date\">\n\t\t\t20 octubre, 2025\t\t<\/span>\n\t\t\t\t<\/div>\n\t\t\t\t\t<\/div>\n\t\t<\/article>\n\t\t\t\t<\/div>\n\t\t\n\t\t\t\t<div class=\"e-load-more-anchor\" data-page=\"1\" data-max-page=\"7\" data-next-page=\"https:\/\/aafitopatologos.com.ar\/index.php?rest_route=%2Fwp%2Fv2%2Fpages%2F367&#038;paged=2\"><\/div>\n\t\t\t\t<nav class=\"elementor-pagination\" aria-label=\"Pagination\">\n\t\t\t<span class=\"page-numbers prev\">&laquo; P\u00e1gina anterior<\/span>\n<span aria-current=\"page\" class=\"page-numbers current\"><span class=\"elementor-screen-only\">Page<\/span>1<\/span>\n<a class=\"page-numbers\" href=\"https:\/\/aafitopatologos.com.ar\/index.php\/?paged=2\"><span class=\"elementor-screen-only\">Page<\/span>2<\/a>\n<a class=\"page-numbers\" href=\"https:\/\/aafitopatologos.com.ar\/index.php\/?paged=3\"><span class=\"elementor-screen-only\">Page<\/span>3<\/a>\n<a class=\"page-numbers\" href=\"https:\/\/aafitopatologos.com.ar\/index.php\/?paged=4\"><span class=\"elementor-screen-only\">Page<\/span>4<\/a>\n<a class=\"page-numbers\" href=\"https:\/\/aafitopatologos.com.ar\/index.php\/?paged=5\"><span class=\"elementor-screen-only\">Page<\/span>5<\/a>\n<a class=\"page-numbers next\" href=\"https:\/\/aafitopatologos.com.ar\/index.php?rest_route=%2Fwp%2Fv2%2Fpages%2F367&#038;paged=2\">Siguiente &raquo;<\/a>\t\t<\/nav>\n\t\t\t\t\t\t<\/div>\n\t\t\t\t<\/div>\n\t\t\t\t\t<\/div>\n\t\t\t\t<\/div>\n\t\t\t\t<\/div>\n\t\t","protected":false},"excerpt":{"rendered":"<p>Noticias Todo lo que hemos estado haciendo a lo largo de los a\u00f1os.<\/p>\n","protected":false},"author":2,"featured_media":0,"parent":0,"menu_order":0,"comment_status":"closed","ping_status":"closed","template":"elementor_header_footer","meta":{"footnotes":""},"class_list":["post-367","page","type-page","status-publish","hentry"],"_links":{"self":[{"href":"https:\/\/aafitopatologos.com.ar\/index.php?rest_route=\/wp\/v2\/pages\/367","targetHints":{"allow":["GET"]}}],"collection":[{"href":"https:\/\/aafitopatologos.com.ar\/index.php?rest_route=\/wp\/v2\/pages"}],"about":[{"href":"https:\/\/aafitopatologos.com.ar\/index.php?rest_route=\/wp\/v2\/types\/page"}],"author":[{"embeddable":true,"href":"https:\/\/aafitopatologos.com.ar\/index.php?rest_route=\/wp\/v2\/users\/2"}],"replies":[{"embeddable":true,"href":"https:\/\/aafitopatologos.com.ar\/index.php?rest_route=%2Fwp%2Fv2%2Fcomments&post=367"}],"version-history":[{"count":16,"href":"https:\/\/aafitopatologos.com.ar\/index.php?rest_route=\/wp\/v2\/pages\/367\/revisions"}],"predecessor-version":[{"id":705,"href":"https:\/\/aafitopatologos.com.ar\/index.php?rest_route=\/wp\/v2\/pages\/367\/revisions\/705"}],"wp:attachment":[{"href":"https:\/\/aafitopatologos.com.ar\/index.php?rest_route=%2Fwp%2Fv2%2Fmedia&parent=367"}],"curies":[{"name":"wp","href":"https:\/\/api.w.org\/{rel}","templated":true}]}}